{"id":8870,"date":"2023-08-08T17:52:25","date_gmt":"2023-08-08T17:52:25","guid":{"rendered":"https:\/\/oro.obrelli.it\/prodotto\/dyna-barr-barren-reines-gold-999-9-%e2%80%b0-5-gramm-obrelli\/"},"modified":"2025-03-20T16:22:21","modified_gmt":"2025-03-20T16:22:21","slug":"dyna-barr-barren-reines-gold-999-9-%e2%80%b0-5-gramm-obrelli","status":"publish","type":"product","link":"https:\/\/oro.obrelli.it\/de\/prodotto\/dyna-barr-barren-reines-gold-999-9-%e2%80%b0-5-gramm-obrelli\/","title":{"rendered":"Dyna-barr Barren Reines Gold 999.9 \u2030 5 Gramm Obrelli"},"content":{"rendered":"\n<table id=\"tablepress-28\" class=\"tablepress tablepress-id-28\">\n<thead>\n<tr class=\"row-1\">\n\t<th class=\"column-1\"><img decoding=\"async\" src=\"https:\/\/oro.obrelli.it\/wp-content\/uploads\/2021\/09\/weights-150x150.png\" alt=\"\" width=\"70\" height=\"70\" class=\"aligncenter size-thumbnail wp-image-48\" \/><\/th><th class=\"column-2\">PESO<\/th><th class=\"column-3\">5g<\/th>\n<\/tr>\n<\/thead>\n<tbody class=\"row-striping row-hover\">\n<tr class=\"row-2\">\n\t<td class=\"column-1\"><img decoding=\"async\" src=\"https:\/\/oro.obrelli.it\/wp-content\/uploads\/2021\/09\/gold-ingots-150x150.png\" alt=\"\" width=\"70\" height=\"70\" class=\"aligncenter size-thumbnail wp-image-49\" \/><\/td><td class=\"column-2\">METALLO<\/td><td class=\"column-3\">Oro fino<\/td>\n<\/tr>\n<tr class=\"row-3\">\n\t<td class=\"column-1\"><img decoding=\"async\" src=\"https:\/\/oro.obrelli.it\/wp-content\/uploads\/2021\/09\/rule-150x150.png\" alt=\"\" width=\"70\" height=\"70\" class=\"aligncenter size-thumbnail wp-image-47\" \/><\/td><td class=\"column-2\">TITOLO\/PUREZZA<\/td><td class=\"column-3\">999.9<\/td>\n<\/tr>\n<tr class=\"row-4\">\n\t<td class=\"column-1\"><img loading=\"lazy\" decoding=\"async\" src=\"https:\/\/oro.obrelli.it\/wp-content\/uploads\/2021\/09\/files-150x150.png\" alt=\"\" width=\"70\" height=\"70\" class=\"aligncenter size-thumbnail wp-image-46\" \/><\/td><td class=\"column-2\">COLLEZIONE<\/td><td class=\"column-3\">Obrelli<\/td>\n<\/tr>\n<tr class=\"row-5\">\n\t<td class=\"column-1\"><img loading=\"lazy\" decoding=\"async\" src=\"https:\/\/oro.obrelli.it\/wp-content\/uploads\/2021\/09\/size-150x150.png\" alt=\"\" width=\"70\" height=\"70\" class=\"aligncenter size-thumbnail wp-image-45\" \/><\/td><td class=\"column-2\">DIMENSIONE<\/td><td class=\"column-3\">23.0 x 14.0 x 0.9 mm<\/td>\n<\/tr>\n<\/tbody>\n<\/table>\n<!-- #tablepress-28 from cache -->\n","protected":false},"excerpt":{"rendered":"<div class=\"field_packaging_description\">\n<div><strong>Dyna-barr<\/strong> Barren Reines Gold 999.9 \u2030 5 Gramm Obrelli<\/div>\n<div>Dyna-barr: Garantierte Zertifizierung und f\u00e4lschungssichere Authentizit\u00e4t.<\/div>\n<div><strong>Erh\u00e4ltlich mit oder ohne Blister.<\/strong><\/div>\n<\/div>\n","protected":false},"featured_media":7663,"template":"","meta":{"_joinchat":[]},"product_brand":[80],"product_cat":[104],"product_tag":[],"class_list":{"0":"post-8870","1":"product","2":"type-product","3":"status-publish","4":"has-post-thumbnail","6":"product_brand-obrelli-de","7":"product_cat-obrelli","9":"first","10":"instock","11":"shipping-taxable","12":"purchasable","13":"product-type-simple"},"yoast_head":"<!-- This site is optimized with the Yoast SEO plugin v25.9 - https:\/\/yoast.com\/wordpress\/plugins\/seo\/ -->\n<title>Dyna-barr Barren Reines Gold 999.9 \u2030 5 Gramm Obrelli - Oro Obrelli<\/title>\n<meta name=\"robots\" content=\"index, follow, max-snippet:-1, max-image-preview:large, max-video-preview:-1\" \/>\n<link rel=\"canonical\" href=\"https:\/\/oro.obrelli.it\/de\/prodotto\/dyna-barr-barren-reines-gold-999-9-\u2030-5-gramm-obrelli\/\" \/>\n<meta property=\"og:locale\" content=\"de_DE\" \/>\n<meta property=\"og:type\" content=\"article\" \/>\n<meta property=\"og:title\" content=\"Dyna-barr Barren Reines Gold 999.9 \u2030 5 Gramm Obrelli - Oro Obrelli\" \/>\n<meta property=\"og:description\" content=\"Dyna-barr Barren Reines Gold 999.9 \u2030 5 Gramm Obrelli Dyna-barr: Garantierte Zertifizierung und f\u00e4lschungssichere Authentizit\u00e4t. Erh\u00e4ltlich mit oder ohne Blister.\" \/>\n<meta property=\"og:url\" content=\"https:\/\/oro.obrelli.it\/de\/prodotto\/dyna-barr-barren-reines-gold-999-9-\u2030-5-gramm-obrelli\/\" \/>\n<meta property=\"og:site_name\" content=\"Oro Obrelli\" \/>\n<meta property=\"article:modified_time\" content=\"2025-03-20T16:22:21+00:00\" \/>\n<meta property=\"og:image\" content=\"https:\/\/oro.obrelli.it\/wp-content\/uploads\/obrelli-fronte-scaled-1.jpg\" \/>\n\t<meta property=\"og:image:width\" content=\"1991\" \/>\n\t<meta property=\"og:image:height\" content=\"2560\" \/>\n\t<meta property=\"og:image:type\" content=\"image\/jpeg\" \/>\n<meta name=\"twitter:card\" content=\"summary_large_image\" \/>\n<meta name=\"twitter:label1\" content=\"Gesch\u00e4tzte Lesezeit\" \/>\n\t<meta name=\"twitter:data1\" content=\"1\u00a0Minute\" \/>\n<script type=\"application\/ld+json\" class=\"yoast-schema-graph\">{\"@context\":\"https:\/\/schema.org\",\"@graph\":[{\"@type\":\"WebPage\",\"@id\":\"https:\/\/oro.obrelli.it\/de\/prodotto\/dyna-barr-barren-reines-gold-999-9-%e2%80%b0-5-gramm-obrelli\/\",\"url\":\"https:\/\/oro.obrelli.it\/de\/prodotto\/dyna-barr-barren-reines-gold-999-9-%e2%80%b0-5-gramm-obrelli\/\",\"name\":\"Dyna-barr Barren Reines Gold 999.9 \u2030 5 Gramm Obrelli - Oro Obrelli\",\"isPartOf\":{\"@id\":\"https:\/\/oro.obrelli.it\/#website\"},\"primaryImageOfPage\":{\"@id\":\"https:\/\/oro.obrelli.it\/de\/prodotto\/dyna-barr-barren-reines-gold-999-9-%e2%80%b0-5-gramm-obrelli\/#primaryimage\"},\"image\":{\"@id\":\"https:\/\/oro.obrelli.it\/de\/prodotto\/dyna-barr-barren-reines-gold-999-9-%e2%80%b0-5-gramm-obrelli\/#primaryimage\"},\"thumbnailUrl\":\"https:\/\/oro.obrelli.it\/wp-content\/uploads\/obrelli-fronte-scaled-1.jpg\",\"datePublished\":\"2023-08-08T17:52:25+00:00\",\"dateModified\":\"2025-03-20T16:22:21+00:00\",\"breadcrumb\":{\"@id\":\"https:\/\/oro.obrelli.it\/de\/prodotto\/dyna-barr-barren-reines-gold-999-9-%e2%80%b0-5-gramm-obrelli\/#breadcrumb\"},\"inLanguage\":\"de\",\"potentialAction\":[{\"@type\":\"ReadAction\",\"target\":[\"https:\/\/oro.obrelli.it\/de\/prodotto\/dyna-barr-barren-reines-gold-999-9-%e2%80%b0-5-gramm-obrelli\/\"]}]},{\"@type\":\"ImageObject\",\"inLanguage\":\"de\",\"@id\":\"https:\/\/oro.obrelli.it\/de\/prodotto\/dyna-barr-barren-reines-gold-999-9-%e2%80%b0-5-gramm-obrelli\/#primaryimage\",\"url\":\"https:\/\/oro.obrelli.it\/wp-content\/uploads\/obrelli-fronte-scaled-1.jpg\",\"contentUrl\":\"https:\/\/oro.obrelli.it\/wp-content\/uploads\/obrelli-fronte-scaled-1.jpg\",\"width\":1991,\"height\":2560,\"caption\":\"obrelli 10 gr\"},{\"@type\":\"BreadcrumbList\",\"@id\":\"https:\/\/oro.obrelli.it\/de\/prodotto\/dyna-barr-barren-reines-gold-999-9-%e2%80%b0-5-gramm-obrelli\/#breadcrumb\",\"itemListElement\":[{\"@type\":\"ListItem\",\"position\":1,\"name\":\"Home\",\"item\":\"https:\/\/oro.obrelli.it\/\"},{\"@type\":\"ListItem\",\"position\":2,\"name\":\"Shop\",\"item\":\"https:\/\/oro.obrelli.it\/de\/shop\/\"},{\"@type\":\"ListItem\",\"position\":3,\"name\":\"Dyna-barr Barren Reines Gold 999.9 \u2030 5 Gramm Obrelli\"}]},{\"@type\":\"WebSite\",\"@id\":\"https:\/\/oro.obrelli.it\/#website\",\"url\":\"https:\/\/oro.obrelli.it\/\",\"name\":\"Oro Obrelli\",\"description\":\"Oro Diamanti Gioielli dal 1929\",\"publisher\":{\"@id\":\"https:\/\/oro.obrelli.it\/#organization\"},\"potentialAction\":[{\"@type\":\"SearchAction\",\"target\":{\"@type\":\"EntryPoint\",\"urlTemplate\":\"https:\/\/oro.obrelli.it\/?s={search_term_string}\"},\"query-input\":{\"@type\":\"PropertyValueSpecification\",\"valueRequired\":true,\"valueName\":\"search_term_string\"}}],\"inLanguage\":\"de\"},{\"@type\":\"Organization\",\"@id\":\"https:\/\/oro.obrelli.it\/#organization\",\"name\":\"Oro Obrelli\",\"url\":\"https:\/\/oro.obrelli.it\/\",\"logo\":{\"@type\":\"ImageObject\",\"inLanguage\":\"de\",\"@id\":\"https:\/\/oro.obrelli.it\/#\/schema\/logo\/image\/\",\"url\":\"https:\/\/oro.obrelli.it\/wp-content\/uploads\/logo-e-commerce.png\",\"contentUrl\":\"https:\/\/oro.obrelli.it\/wp-content\/uploads\/logo-e-commerce.png\",\"width\":526,\"height\":203,\"caption\":\"Oro Obrelli\"},\"image\":{\"@id\":\"https:\/\/oro.obrelli.it\/#\/schema\/logo\/image\/\"}}]}<\/script>\n<!-- \/ Yoast SEO plugin. -->","yoast_head_json":{"title":"Dyna-barr Barren Reines Gold 999.9 \u2030 5 Gramm Obrelli - Oro Obrelli","robots":{"index":"index","follow":"follow","max-snippet":"max-snippet:-1","max-image-preview":"max-image-preview:large","max-video-preview":"max-video-preview:-1"},"canonical":"https:\/\/oro.obrelli.it\/de\/prodotto\/dyna-barr-barren-reines-gold-999-9-\u2030-5-gramm-obrelli\/","og_locale":"de_DE","og_type":"article","og_title":"Dyna-barr Barren Reines Gold 999.9 \u2030 5 Gramm Obrelli - Oro Obrelli","og_description":"Dyna-barr Barren Reines Gold 999.9 \u2030 5 Gramm Obrelli Dyna-barr: Garantierte Zertifizierung und f\u00e4lschungssichere Authentizit\u00e4t. Erh\u00e4ltlich mit oder ohne Blister.","og_url":"https:\/\/oro.obrelli.it\/de\/prodotto\/dyna-barr-barren-reines-gold-999-9-\u2030-5-gramm-obrelli\/","og_site_name":"Oro Obrelli","article_modified_time":"2025-03-20T16:22:21+00:00","og_image":[{"width":1991,"height":2560,"url":"https:\/\/oro.obrelli.it\/wp-content\/uploads\/obrelli-fronte-scaled-1.jpg","type":"image\/jpeg"}],"twitter_card":"summary_large_image","twitter_misc":{"Gesch\u00e4tzte Lesezeit":"1\u00a0Minute"},"schema":{"@context":"https:\/\/schema.org","@graph":[{"@type":"WebPage","@id":"https:\/\/oro.obrelli.it\/de\/prodotto\/dyna-barr-barren-reines-gold-999-9-%e2%80%b0-5-gramm-obrelli\/","url":"https:\/\/oro.obrelli.it\/de\/prodotto\/dyna-barr-barren-reines-gold-999-9-%e2%80%b0-5-gramm-obrelli\/","name":"Dyna-barr Barren Reines Gold 999.9 \u2030 5 Gramm Obrelli - Oro Obrelli","isPartOf":{"@id":"https:\/\/oro.obrelli.it\/#website"},"primaryImageOfPage":{"@id":"https:\/\/oro.obrelli.it\/de\/prodotto\/dyna-barr-barren-reines-gold-999-9-%e2%80%b0-5-gramm-obrelli\/#primaryimage"},"image":{"@id":"https:\/\/oro.obrelli.it\/de\/prodotto\/dyna-barr-barren-reines-gold-999-9-%e2%80%b0-5-gramm-obrelli\/#primaryimage"},"thumbnailUrl":"https:\/\/oro.obrelli.it\/wp-content\/uploads\/obrelli-fronte-scaled-1.jpg","datePublished":"2023-08-08T17:52:25+00:00","dateModified":"2025-03-20T16:22:21+00:00","breadcrumb":{"@id":"https:\/\/oro.obrelli.it\/de\/prodotto\/dyna-barr-barren-reines-gold-999-9-%e2%80%b0-5-gramm-obrelli\/#breadcrumb"},"inLanguage":"de","potentialAction":[{"@type":"ReadAction","target":["https:\/\/oro.obrelli.it\/de\/prodotto\/dyna-barr-barren-reines-gold-999-9-%e2%80%b0-5-gramm-obrelli\/"]}]},{"@type":"ImageObject","inLanguage":"de","@id":"https:\/\/oro.obrelli.it\/de\/prodotto\/dyna-barr-barren-reines-gold-999-9-%e2%80%b0-5-gramm-obrelli\/#primaryimage","url":"https:\/\/oro.obrelli.it\/wp-content\/uploads\/obrelli-fronte-scaled-1.jpg","contentUrl":"https:\/\/oro.obrelli.it\/wp-content\/uploads\/obrelli-fronte-scaled-1.jpg","width":1991,"height":2560,"caption":"obrelli 10 gr"},{"@type":"BreadcrumbList","@id":"https:\/\/oro.obrelli.it\/de\/prodotto\/dyna-barr-barren-reines-gold-999-9-%e2%80%b0-5-gramm-obrelli\/#breadcrumb","itemListElement":[{"@type":"ListItem","position":1,"name":"Home","item":"https:\/\/oro.obrelli.it\/"},{"@type":"ListItem","position":2,"name":"Shop","item":"https:\/\/oro.obrelli.it\/de\/shop\/"},{"@type":"ListItem","position":3,"name":"Dyna-barr Barren Reines Gold 999.9 \u2030 5 Gramm Obrelli"}]},{"@type":"WebSite","@id":"https:\/\/oro.obrelli.it\/#website","url":"https:\/\/oro.obrelli.it\/","name":"Oro Obrelli","description":"Oro Diamanti Gioielli dal 1929","publisher":{"@id":"https:\/\/oro.obrelli.it\/#organization"},"potentialAction":[{"@type":"SearchAction","target":{"@type":"EntryPoint","urlTemplate":"https:\/\/oro.obrelli.it\/?s={search_term_string}"},"query-input":{"@type":"PropertyValueSpecification","valueRequired":true,"valueName":"search_term_string"}}],"inLanguage":"de"},{"@type":"Organization","@id":"https:\/\/oro.obrelli.it\/#organization","name":"Oro Obrelli","url":"https:\/\/oro.obrelli.it\/","logo":{"@type":"ImageObject","inLanguage":"de","@id":"https:\/\/oro.obrelli.it\/#\/schema\/logo\/image\/","url":"https:\/\/oro.obrelli.it\/wp-content\/uploads\/logo-e-commerce.png","contentUrl":"https:\/\/oro.obrelli.it\/wp-content\/uploads\/logo-e-commerce.png","width":526,"height":203,"caption":"Oro Obrelli"},"image":{"@id":"https:\/\/oro.obrelli.it\/#\/schema\/logo\/image\/"}}]}},"_links":{"self":[{"href":"https:\/\/oro.obrelli.it\/de\/wp-json\/wp\/v2\/product\/8870","targetHints":{"allow":["GET"]}}],"collection":[{"href":"https:\/\/oro.obrelli.it\/de\/wp-json\/wp\/v2\/product"}],"about":[{"href":"https:\/\/oro.obrelli.it\/de\/wp-json\/wp\/v2\/types\/product"}],"wp:featuredmedia":[{"embeddable":true,"href":"https:\/\/oro.obrelli.it\/de\/wp-json\/wp\/v2\/media\/7663"}],"wp:attachment":[{"href":"https:\/\/oro.obrelli.it\/de\/wp-json\/wp\/v2\/media?parent=8870"}],"wp:term":[{"taxonomy":"product_brand","embeddable":true,"href":"https:\/\/oro.obrelli.it\/de\/wp-json\/wp\/v2\/product_brand?post=8870"},{"taxonomy":"product_cat","embeddable":true,"href":"https:\/\/oro.obrelli.it\/de\/wp-json\/wp\/v2\/product_cat?post=8870"},{"taxonomy":"product_tag","embeddable":true,"href":"https:\/\/oro.obrelli.it\/de\/wp-json\/wp\/v2\/product_tag?post=8870"}],"curies":[{"name":"wp","href":"https:\/\/api.w.org\/{rel}","templated":true}]}}